{"id":307,"date":"2022-02-04T15:22:49","date_gmt":"2022-02-04T14:22:49","guid":{"rendered":"http:\/\/o-c-e.art\/?page_id=307"},"modified":"2022-02-04T15:23:11","modified_gmt":"2022-02-04T14:23:11","slug":"mentions-legales","status":"publish","type":"page","link":"https:\/\/o-c-e.art\/index.php\/mentions-legales\/","title":{"rendered":"mentions l\u00e9gales"},"content":{"rendered":"<p><\/p>\r\n<p><span class=\"has-inline-color has-black-color\"><strong>Conception et h\u00e9bergement du site internet<\/strong><br \/>Site web con\u00e7u par le collectif OCE sur wordPress,\u00a0<br \/>H\u00e9berg\u00e9 par la soci\u00e9t\u00e9 :<br \/>OVH, SAS au capital de 10 174 560 \u20ac<\/span><br \/><span class=\"has-inline-color has-black-color\">RCS Lille M\u00e9tropole 424 761 419 00045<br \/>Code APE 2620Z<br \/>N\u00b0 TVA : FR 22 424 761 419<br \/>Si\u00e8ge social : 2 rue Kellermann &#8211; 59100 Roubaix &#8211; France<\/span><br \/><span class=\"has-inline-color has-black-color\">https:\/\/www.ovhcloud.com\/fr\/<\/span><\/p>\r\n<p>\r\n\r\n<\/p>\r\n<p><br \/><br \/><strong><span class=\"has-inline-color has-black-color\">Donn\u00e9es personnelles<\/span><\/strong><\/p>\r\n<p>\r\n\r\n<\/p>\r\n<p>D&#8217;une fa\u00e7on g\u00e9n\u00e9rale, vous pouvez visiter notre site sur Internet sans avoir \u00e0 d\u00e9cliner votre identit\u00e9 et \u00e0 fournir des informations personnelles vous concernant.<\/p>\r\n<p><\/p>","protected":false},"excerpt":{"rendered":"<p>Conception et h\u00e9bergement du site internetSite web con\u00e7u par le collectif OCE sur wordPress,\u00a0H\u00e9berg\u00e9 par la soci\u00e9t\u00e9 :OVH, SAS au capital de 10 174 560 \u20acRCS Lille M\u00e9tropole 424 761 419 00045Code APE 2620ZN\u00b0 TVA : FR 22 424 761 419Si\u00e8ge social : 2 rue Kellermann &#8211; 59100 Roubaix &#8211; Francehttps:\/\/www.ovhcloud.com\/fr\/ Donn\u00e9es personnelles D&#8217;une fa\u00e7on&hellip;<\/p>\n","protected":false},"author":1,"featured_media":0,"parent":0,"menu_order":0,"comment_status":"closed","ping_status":"closed","template":"","meta":[],"_links":{"self":[{"href":"https:\/\/o-c-e.art\/index.php\/wp-json\/wp\/v2\/pages\/307"}],"collection":[{"href":"https:\/\/o-c-e.art\/index.php\/wp-json\/wp\/v2\/pages"}],"about":[{"href":"https:\/\/o-c-e.art\/index.php\/wp-json\/wp\/v2\/types\/page"}],"author":[{"embeddable":true,"href":"https:\/\/o-c-e.art\/index.php\/wp-json\/wp\/v2\/users\/1"}],"replies":[{"embeddable":true,"href":"https:\/\/o-c-e.art\/index.php\/wp-json\/wp\/v2\/comments?post=307"}],"version-history":[{"count":2,"href":"https:\/\/o-c-e.art\/index.php\/wp-json\/wp\/v2\/pages\/307\/revisions"}],"predecessor-version":[{"id":309,"href":"https:\/\/o-c-e.art\/index.php\/wp-json\/wp\/v2\/pages\/307\/revisions\/309"}],"wp:attachment":[{"href":"https:\/\/o-c-e.art\/index.php\/wp-json\/wp\/v2\/media?parent=307"}],"curies":[{"name":"wp","href":"https:\/\/api.w.org\/{rel}","templated":true}]}}