{"id":6,"date":"2021-12-17T20:32:20","date_gmt":"2021-12-17T19:32:20","guid":{"rendered":"http:\/\/o-c-e.art\/?page_id=6"},"modified":"2022-08-31T16:57:39","modified_gmt":"2022-08-31T14:57:39","slug":"label-operateurs-culturels-engages","status":"publish","type":"page","link":"https:\/\/o-c-e.art\/","title":{"rendered":"Labellisation OCE"},"content":{"rendered":"[vc_row][vc_column][vc_single_image image=&#8221;267&#8243;][\/vc_column][\/vc_row][vc_row content_placement=&#8221;top&#8221; column_spacing=&#8221;0px&#8221; remove_bottom_col_margin=&#8221;true&#8221; css=&#8221;.vc_custom_1639833644407{background-color: #93f2df !important;}&#8221;][vc_column parallax=&#8221;content-moving&#8221; wpex_featured_bg_image=&#8221;true&#8221;][vc_row_inner remove_bottom_col_margin=&#8221;true&#8221; css=&#8221;.vc_custom_1639829056972{margin-top: 2% !important;margin-right: 8% !important;margin-bottom: 2% !important;margin-left: 8% !important;}&#8221;][vc_column_inner][vc_empty_space height=&#8221;70px&#8221;]<div class=\"vcex-heading vcex-module wpex-text-2xl wpex-font-normal wpex-m-auto wpex-max-w-100 vcex-heading-plain wpex-block wpex-text-left wpex-responsive-txt\" data-max-font-size=\"44\" data-min-font-size=\"22\" style=\"color:#000000;font-family:&#039;Roboto&#039;,sans-serif;font-size:44px;font-weight:300;text-transform:none;line-height:1.3;\"><span class=\"vcex-heading-inner wpex-inline-block wpex-clr\">un label garant des droits des artistes<\/span><\/div>[vc_empty_space height=&#8221;70px&#8221;][vc_column_text responsive_text=&#8221;true&#8221; text_align=&#8221;left&#8221; color=&#8221;#666666&#8243; font_size=&#8221;18&#8243; min_font_size=&#8221;12&#8243; font_weight=&#8221;300&#8243; text_transform=&#8221;none&#8221; line_height=&#8221;1.3&#8243;]\r\n<p>Ce label permet de garantir le respect des droits des artistes et leur r\u00e9mun\u00e9ration notamment dans le cadre de la pr\u00e9sentation publique de leurs \u0153uvres.<\/p>\r\n<p>Les op\u00e9rateurs culturels labellis\u00e9s affichent ainsi clairement leur engagement au respect des bonnes pratiques et des droits patrimoniaux des artistes aupr\u00e8s des collectivit\u00e9s territoriales, des financeurs priv\u00e9s, du public, des m\u00e9c\u00e8nes et de l&#8217;ensemble des organismes qui composent l&#8217;\u00e9cosyst\u00e8me de l&#8217;art.<\/p>\r\n<p>Un coll\u00e8ge renouvel\u00e9 d&#8217;artistes assure la gestion des demandes de labellisation et accorde le label aux op\u00e9rateurs culturels qui apportent la preuve de l&#8217;\u00e9tablissement d&#8217;un contrat de cession de droits des artistes expos\u00e9.e.s. La labellisation est annuelle.<\/p>\r\n[\/vc_column_text][vc_empty_space height=&#8221;60px&#8221;]<div class=\"vcex-heading vcex-module wpex-text-2xl wpex-font-normal wpex-m-auto wpex-max-w-100 vcex-heading-plain wpex-block wpex-text-left wpex-responsive-txt\" data-max-font-size=\"26\" data-min-font-size=\"22\" style=\"color:#000000;font-family:&#039;Roboto&#039;,sans-serif;font-size:26px;font-weight:300;text-transform:none;line-height:1.3;\"><span class=\"vcex-heading-inner wpex-inline-block wpex-clr\">vers une reconnaissance du label par les financeurs publics<\/span><\/div>[vc_empty_space height=&#8221;30px&#8221;][vc_column_text responsive_text=&#8221;true&#8221; text_align=&#8221;left&#8221; color=&#8221;#666666&#8243; font_size=&#8221;18&#8243; min_font_size=&#8221;12&#8243; font_weight=&#8221;300&#8243; text_transform=&#8221;none&#8221; line_height=&#8221;1.3&#8243;]\r\n<p>Les artistes et les structures impliqu\u00e9.e.s dans la cr\u00e9ation de ce label invitent les collectivit\u00e9s territoriales et les principales institutions de l&#8217;\u00e9co-systeme de l&#8217;art \u00e0 v\u00e9rifier que les op\u00e9rateurs culturels qu&#8217;elles financent ne pr\u00e9carisent pas davantage les artistes professionnels dans l&#8217;exercice de leur activit\u00e9. <strong>Nous travaillons activement pour que ce label soit reconnu par l&#8217;ensemble des financeurs.<\/strong><\/p>\r\n[\/vc_column_text][vc_empty_space height=&#8221;60px&#8221;]<div class=\"vcex-heading vcex-module wpex-text-2xl wpex-font-normal wpex-m-auto wpex-max-w-100 vcex-heading-plain wpex-block wpex-text-left wpex-responsive-txt\" data-max-font-size=\"26\" data-min-font-size=\"22\" style=\"color:#000000;font-family:&#039;Roboto&#039;,sans-serif;font-size:26px;font-weight:300;text-transform:none;line-height:1.3;\"><span class=\"vcex-heading-inner wpex-inline-block wpex-clr\">former les op\u00e9rateurs culturels au respect des droits des artistes<\/span><\/div>[vc_empty_space height=&#8221;30px&#8221;][vc_column_text responsive_text=&#8221;true&#8221; text_align=&#8221;left&#8221; color=&#8221;#666666&#8243; font_size=&#8221;18&#8243; min_font_size=&#8221;12&#8243; font_weight=&#8221;300&#8243; text_transform=&#8221;none&#8221; line_height=&#8221;1.3&#8243;]\r\n<p>Tout au long de l&#8217;ann\u00e9e, en pr\u00e9sentiel ou \u00e0 distance, des sessions de formations sont propos\u00e9es aux structures pour les accompagner dans la mise en place d&#8217;un syst\u00e8me \u00e9conomique favorable aux respects des droits et des r\u00e9mun\u00e9rations des artistes professionnels.<br \/>Des mod\u00e8les de contrats sont disponibles en bas de page, gratuitement.<\/p>\r\n<p>&nbsp;<\/p>\r\n[\/vc_column_text][vc_empty_space height=&#8221;100px&#8221;][\/vc_column_inner][\/vc_row_inner][\/vc_column][\/vc_row][vc_row parallax=&#8221;content-moving&#8221; css=&#8221;.vc_custom_1639831513550{padding-right: 8% !important;padding-left: 8% !important;}&#8221;][vc_column][vc_empty_space height=&#8221;100px&#8221;][vc_row_inner][vc_column_inner width=&#8221;1\/2&#8243;]<div class=\"vcex-heading vcex-module wpex-text-2xl wpex-font-normal wpex-m-auto wpex-max-w-100 vcex-heading-plain wpex-block wpex-text-left wpex-responsive-txt\" data-max-font-size=\"44\" data-min-font-size=\"22\" style=\"color:#000000;font-family:&#039;Roboto&#039;,sans-serif;font-size:44px;font-weight:300;text-transform:none;line-height:1.3;\"><span class=\"vcex-heading-inner wpex-inline-block wpex-clr\">T\u00e9moignez de votre exp\u00e9rience<\/span><\/div>[vc_empty_space height=&#8221;30px&#8221;][vc_column_text responsive_text=&#8221;true&#8221; text_align=&#8221;left&#8221; color=&#8221;#666666&#8243; font_size=&#8221;18&#8243; min_font_size=&#8221;12&#8243; font_weight=&#8221;300&#8243; text_transform=&#8221;none&#8221; line_height=&#8221;1.3&#8243;]\r\n<p>Vous \u00eates artiste professionnel.le, vous exposez mais vous n&#8217;avez rempli aucun contrat de cession de vos droits, vous ne percevez aucune r\u00e9mun\u00e9ration, vous devez aussi payer le transport de votre \u0153uvre, faites-nous part de votre exp\u00e9rience en restant anonyme si vous le souhaitez.<\/p>\r\n[\/vc_column_text][vc_empty_space height=&#8221;30px&#8221;][vc_column_text responsive_text=&#8221;true&#8221; text_align=&#8221;left&#8221; color=&#8221;#666666&#8243; font_size=&#8221;18&#8243; min_font_size=&#8221;12&#8243; font_weight=&#8221;300&#8243; text_transform=&#8221;none&#8221; line_height=&#8221;1.3&#8243;]\r\n<p>Vos t\u00e9moignages nous permettront de sensibiliser les structures, diffuseurs et op\u00e9rateurs culturels qui n&#8217;ont pas encore conscience du caract\u00e8re essentiel d&#8217;une r\u00e9mun\u00e9ration des droits de pr\u00e9sentation publique de vos \u0153uvres.<\/p>\r\n[\/vc_column_text][\/vc_column_inner][vc_column_inner width=&#8221;1\/2&#8243;][vc_raw_js]JTNDc2NyaXB0JTIwdHlwZSUzRCUyMnRleHQlMkZqYXZhc2NyaXB0JTIyJTIwc3JjJTNEJTIyaHR0cHMlM0ElMkYlMkZmb3JtLmpvdGZvcm0uY29tJTJGanNmb3JtJTJGMjEzNTExMzg5NDIyMDQ4JTIyJTNFJTNDJTJGc2NyaXB0JTNF[\/vc_raw_js][\/vc_column_inner][\/vc_row_inner][\/vc_column][\/vc_row][vc_row content_placement=&#8221;top&#8221; column_spacing=&#8221;0px&#8221; remove_bottom_col_margin=&#8221;true&#8221; css=&#8221;.vc_custom_1639828326933{background-color: #f2f2f2 !important;}&#8221;][vc_column parallax=&#8221;content-moving&#8221; wpex_featured_bg_image=&#8221;true&#8221;][vc_row_inner remove_bottom_col_margin=&#8221;true&#8221; css=&#8221;.vc_custom_1639829056972{margin-top: 2% !important;margin-right: 8% !important;margin-bottom: 2% !important;margin-left: 8% !important;}&#8221;][vc_column_inner][vc_empty_space height=&#8221;100px&#8221;]<div class=\"vcex-heading vcex-module wpex-text-2xl wpex-font-normal wpex-m-auto wpex-max-w-100 vcex-heading-plain wpex-block wpex-text-left wpex-responsive-txt\" data-max-font-size=\"44\" data-min-font-size=\"22\" style=\"color:#000000;font-family:&#039;Roboto&#039;,sans-serif;font-size:44px;font-weight:300;text-transform:none;line-height:1.3;\"><span class=\"vcex-heading-inner wpex-inline-block wpex-clr\">la demande de labellisation et les crit\u00e8res<\/span><\/div>[vc_empty_space height=&#8221;70px&#8221;][vc_column_text responsive_text=&#8221;true&#8221; text_align=&#8221;left&#8221; color=&#8221;#666666&#8243; font_size=&#8221;18&#8243; min_font_size=&#8221;12&#8243; font_weight=&#8221;300&#8243; text_transform=&#8221;none&#8221; line_height=&#8221;1.3&#8243;]\r\n<p>Vous \u00eates op\u00e9rateur culturel et vous respectez les droits des artistes que vous exposez dans vos murs, vous souhaitez dans le m\u00eame temps informer vos financeurs publics ou priv\u00e9s de votre engagement\u00a0 dans cette d\u00e9marche et les inciter \u00e0 vous soutenir.<\/p>\r\n[\/vc_column_text][vc_btn title=&#8221;demande de labellisation&#8221; style=&#8221;outline&#8221; color=&#8221;turquoise&#8221; align=&#8221;left&#8221; link=&#8221;url:https%3A%2F%2Fform.jotform.com%2F213594578341059|target:_blank&#8221; css=&#8221;.vc_custom_1640540557991{padding-top: 20px !important;}&#8221;][vc_column_text responsive_text=&#8221;true&#8221; text_align=&#8221;left&#8221; color=&#8221;#666666&#8243; font_size=&#8221;18&#8243; min_font_size=&#8221;12&#8243; font_weight=&#8221;300&#8243; text_transform=&#8221;none&#8221; line_height=&#8221;1.3&#8243;]\r\n<p>D\u00e9lai d&#8217;obtention du label : environ 1 mois<br \/>Co\u00fbt de la labellisation : gratuit<br \/>Dur\u00e9e de la labellisation : 1 an<\/p>\r\n[\/vc_column_text][vc_empty_space height=&#8221;20px&#8221;][vc_column_text responsive_text=&#8221;true&#8221; text_align=&#8221;left&#8221; color=&#8221;#666666&#8243; font_size=&#8221;18&#8243; min_font_size=&#8221;12&#8243; font_weight=&#8221;300&#8243; text_transform=&#8221;none&#8221; line_height=&#8221;1.3&#8243;]\r\n<p>Le label <strong>oce<\/strong> consid\u00e8re 2 crit\u00e8res :<br \/>\u2022 l&#8217;existence d&#8217;un contrat de cession de droits entre votre structure et l&#8217;artiste accueilli.e.<br \/>\u2022 la r\u00e9mun\u00e9ration de l&#8217;artiste pour cette cession de droit (hors production, d\u00e9placement, etc)<\/p>\r\n<p>La premi\u00e8re ann\u00e9e de demande de labellisation seul le premier crit\u00e8re sera obligatoire.<br \/>A partir de la seconde ann\u00e9e les deux crit\u00e8res devront \u00eatre valid\u00e9s.<\/p>\r\n<p>&nbsp;<\/p>\r\n[\/vc_column_text][vc_empty_space height=&#8221;100px&#8221;][\/vc_column_inner][\/vc_row_inner][\/vc_column][\/vc_row][vc_row][vc_column][vc_empty_space height=&#8221;70px&#8221;]<div class=\"vcex-heading vcex-module wpex-text-2xl wpex-font-normal wpex-m-auto wpex-max-w-100 vcex-heading-plain wpex-block wpex-text-left vc_custom_1640249016742 wpex-responsive-txt\" data-max-font-size=\"44\" data-min-font-size=\"22\" style=\"color:#000000;font-family:&#039;Roboto&#039;,sans-serif;font-size:44px;font-weight:300;text-transform:none;line-height:1.3;\"><span class=\"vcex-heading-inner wpex-inline-block wpex-clr\">Sensibilisation des op\u00e9rateurs culturels<\/span><\/div>[vc_column_text responsive_text=&#8221;true&#8221; text_align=&#8221;left&#8221; color=&#8221;#666666&#8243; font_size=&#8221;18&#8243; min_font_size=&#8221;12&#8243; font_weight=&#8221;300&#8243; text_transform=&#8221;none&#8221; line_height=&#8221;1.3&#8243; css=&#8221;.vc_custom_1640248803120{margin-right: 8% !important;margin-left: 8% !important;}&#8221;]\r\n<p>Nous avons entrepris une d\u00e9marche de sensibilisation avec les op\u00e9rateurs culturels suivants afin qu&#8217;ils mettent en place au sein de leur structure un cadre favorable au respect des droits des artistes.<\/p>\r\n<p>&nbsp;<\/p>\r\n[\/vc_column_text][vc_empty_space height=&#8221;30px&#8221;][vc_row_inner css=&#8221;.vc_custom_1640241997600{margin-right: 8% !important;margin-left: 8% !important;}&#8221;][vc_column_inner]<div class=\"vcex-module wpex-carousel wpex-carousel-images wpex-clr owl-carousel wpex-carousel-lightbox\" data-wpex-carousel=\"{&quot;nav&quot;:false,&quot;dots&quot;:false,&quot;autoplay&quot;:true,&quot;loop&quot;:true,&quot;center&quot;:false,&quot;smartSpeed&quot;:250,&quot;items&quot;:3,&quot;slideBy&quot;:5,&quot;autoplayTimeout&quot;:5000,&quot;margin&quot;:15,&quot;itemsTablet&quot;:3,&quot;itemsMobileLandscape&quot;:2,&quot;itemsMobilePortrait&quot;:1,&quot;autoWidth&quot;:false,&quot;autoHeight&quot;:false}\"><div class=\"wpex-carousel-slide\"><figure class=\"wpex-carousel-entry-media entry-media\"><a href=\"https:\/\/o-c-e.art\/wp-content\/uploads\/2021\/12\/sanary.jpg\" class=\"wpex-carousel-entry-img wpex-carousel-lightbox-item\" data-title data-count=\"1\" data-show_title=\"false\"><img width=\"2000\" height=\"1600\" src=\"https:\/\/o-c-e.art\/wp-content\/uploads\/2021\/12\/sanary.jpg\" class=\"wpex-align-middle skip-lazy\" alt=\"\" data-no-lazy=\"1\" srcset=\"https:\/\/o-c-e.art\/wp-content\/uploads\/2021\/12\/sanary.jpg 2000w, https:\/\/o-c-e.art\/wp-content\/uploads\/2021\/12\/sanary-300x240.jpg 300w, https:\/\/o-c-e.art\/wp-content\/uploads\/2021\/12\/sanary-1024x819.jpg 1024w, https:\/\/o-c-e.art\/wp-content\/uploads\/2021\/12\/sanary-768x614.jpg 768w, https:\/\/o-c-e.art\/wp-content\/uploads\/2021\/12\/sanary-1536x1229.jpg 1536w\" sizes=\"(max-width: 2000px) 100vw, 2000px\" \/><\/a><\/figure><\/div><div class=\"wpex-carousel-slide\"><figure class=\"wpex-carousel-entry-media entry-media\"><a href=\"https:\/\/o-c-e.art\/wp-content\/uploads\/2021\/12\/erquy-scaled.jpg\" class=\"wpex-carousel-entry-img wpex-carousel-lightbox-item\" data-title data-count=\"2\" data-show_title=\"false\"><img width=\"2560\" height=\"2048\" src=\"https:\/\/o-c-e.art\/wp-content\/uploads\/2021\/12\/erquy-scaled.jpg\" class=\"wpex-align-middle skip-lazy\" alt=\"\" data-no-lazy=\"1\" srcset=\"https:\/\/o-c-e.art\/wp-content\/uploads\/2021\/12\/erquy-scaled.jpg 2560w, https:\/\/o-c-e.art\/wp-content\/uploads\/2021\/12\/erquy-300x240.jpg 300w, https:\/\/o-c-e.art\/wp-content\/uploads\/2021\/12\/erquy-1024x819.jpg 1024w, https:\/\/o-c-e.art\/wp-content\/uploads\/2021\/12\/erquy-768x614.jpg 768w, https:\/\/o-c-e.art\/wp-content\/uploads\/2021\/12\/erquy-1536x1229.jpg 1536w, https:\/\/o-c-e.art\/wp-content\/uploads\/2021\/12\/erquy-2048x1638.jpg 2048w\" sizes=\"(max-width: 2560px) 100vw, 2560px\" \/><\/a><\/figure><\/div><div class=\"wpex-carousel-slide\"><figure class=\"wpex-carousel-entry-media entry-media\"><a href=\"https:\/\/o-c-e.art\/wp-content\/uploads\/2021\/12\/stmaurdesfosses-scaled.jpg\" class=\"wpex-carousel-entry-img wpex-carousel-lightbox-item\" data-title data-count=\"3\" data-show_title=\"false\"><img width=\"2560\" height=\"2048\" src=\"https:\/\/o-c-e.art\/wp-content\/uploads\/2021\/12\/stmaurdesfosses-scaled.jpg\" class=\"wpex-align-middle skip-lazy\" alt=\"\" data-no-lazy=\"1\" srcset=\"https:\/\/o-c-e.art\/wp-content\/uploads\/2021\/12\/stmaurdesfosses-scaled.jpg 2560w, https:\/\/o-c-e.art\/wp-content\/uploads\/2021\/12\/stmaurdesfosses-300x240.jpg 300w, https:\/\/o-c-e.art\/wp-content\/uploads\/2021\/12\/stmaurdesfosses-1024x819.jpg 1024w, https:\/\/o-c-e.art\/wp-content\/uploads\/2021\/12\/stmaurdesfosses-768x614.jpg 768w, https:\/\/o-c-e.art\/wp-content\/uploads\/2021\/12\/stmaurdesfosses-1536x1229.jpg 1536w, https:\/\/o-c-e.art\/wp-content\/uploads\/2021\/12\/stmaurdesfosses-2048x1638.jpg 2048w\" sizes=\"(max-width: 2560px) 100vw, 2560px\" \/><\/a><\/figure><\/div><div class=\"wpex-carousel-slide\"><figure class=\"wpex-carousel-entry-media entry-media\"><a href=\"https:\/\/o-c-e.art\/wp-content\/uploads\/2021\/12\/stprix-scaled.jpg\" class=\"wpex-carousel-entry-img wpex-carousel-lightbox-item\" data-title data-count=\"4\" data-show_title=\"false\"><img width=\"2560\" height=\"2048\" src=\"https:\/\/o-c-e.art\/wp-content\/uploads\/2021\/12\/stprix-scaled.jpg\" class=\"wpex-align-middle skip-lazy\" alt=\"\" data-no-lazy=\"1\" srcset=\"https:\/\/o-c-e.art\/wp-content\/uploads\/2021\/12\/stprix-scaled.jpg 2560w, https:\/\/o-c-e.art\/wp-content\/uploads\/2021\/12\/stprix-300x240.jpg 300w, https:\/\/o-c-e.art\/wp-content\/uploads\/2021\/12\/stprix-1024x819.jpg 1024w, https:\/\/o-c-e.art\/wp-content\/uploads\/2021\/12\/stprix-768x614.jpg 768w, https:\/\/o-c-e.art\/wp-content\/uploads\/2021\/12\/stprix-1536x1229.jpg 1536w, https:\/\/o-c-e.art\/wp-content\/uploads\/2021\/12\/stprix-2048x1638.jpg 2048w\" sizes=\"(max-width: 2560px) 100vw, 2560px\" \/><\/a><\/figure><\/div><div class=\"wpex-carousel-slide\"><figure class=\"wpex-carousel-entry-media entry-media\"><a href=\"https:\/\/o-c-e.art\/wp-content\/uploads\/2022\/01\/Ravy-Montpellier-1-scaled.jpg\" class=\"wpex-carousel-entry-img wpex-carousel-lightbox-item\" data-title data-count=\"5\" data-show_title=\"false\"><img width=\"2560\" height=\"2048\" src=\"https:\/\/o-c-e.art\/wp-content\/uploads\/2022\/01\/Ravy-Montpellier-1-scaled.jpg\" class=\"wpex-align-middle skip-lazy\" alt=\"\" data-no-lazy=\"1\" srcset=\"https:\/\/o-c-e.art\/wp-content\/uploads\/2022\/01\/Ravy-Montpellier-1-scaled.jpg 2560w, https:\/\/o-c-e.art\/wp-content\/uploads\/2022\/01\/Ravy-Montpellier-1-300x240.jpg 300w, https:\/\/o-c-e.art\/wp-content\/uploads\/2022\/01\/Ravy-Montpellier-1-1024x819.jpg 1024w, https:\/\/o-c-e.art\/wp-content\/uploads\/2022\/01\/Ravy-Montpellier-1-768x614.jpg 768w, https:\/\/o-c-e.art\/wp-content\/uploads\/2022\/01\/Ravy-Montpellier-1-1536x1229.jpg 1536w, https:\/\/o-c-e.art\/wp-content\/uploads\/2022\/01\/Ravy-Montpellier-1-2048x1638.jpg 2048w\" sizes=\"(max-width: 2560px) 100vw, 2560px\" \/><\/a><\/figure><\/div><\/div>[\/vc_column_inner][\/vc_row_inner][\/vc_column][\/vc_row][vc_row parallax=&#8221;content-moving&#8221; css=&#8221;.vc_custom_1640249127229{background-color: #f7f7f7 !important;}&#8221;][vc_column][vc_row_inner css=&#8221;.vc_custom_1639916854376{margin-right: 8% !important;margin-left: 8% !important;}&#8221;][vc_column_inner][vc_empty_space height=&#8221;100px&#8221;]<div class=\"vcex-heading vcex-module wpex-text-2xl wpex-font-normal wpex-m-auto wpex-max-w-100 vcex-heading-plain wpex-block wpex-p-0 wpex-text-left wpex-responsive-txt\" data-max-font-size=\"44\" data-min-font-size=\"22\" style=\"color:#000000;font-family:&#039;Roboto&#039;,sans-serif;font-size:44px;font-weight:300;text-transform:none;line-height:1.3;\"><span class=\"vcex-heading-inner wpex-inline-block wpex-clr\">T\u00e9l\u00e9chargez des mod\u00e8les de contrats, fiches et factures et personnalisez les<\/span><\/div>[vc_column_text responsive_text=&#8221;true&#8221; text_align=&#8221;left&#8221; color=&#8221;#666666&#8243; font_size=&#8221;18&#8243; min_font_size=&#8221;12&#8243; font_weight=&#8221;300&#8243; text_transform=&#8221;none&#8221; line_height=&#8221;1.3&#8243;]\r\n<p>retrouvez aussi des mod\u00e8les, les bar\u00eames et le cadre g\u00e9n\u00e9ral du droit d&#8217;auteur sur <a href=\"https:\/\/www.cnap.fr\/qu%E2%80%99est-ce-que-le-droit-d%E2%80%99auteur\" target=\"_blank\" rel=\"noopener\"><strong>CNAP<\/strong><\/a>, <strong><a href=\"http:\/\/caap.asso.fr\/spip.php?rubrique6\" target=\"_blank\" rel=\"noopener\">CAAP<\/a>, <a href=\"https:\/\/www.adagp.fr\/fr\/droit-d-auteur\/principes-generaux\" target=\"_blank\" rel=\"noopener\">ADAGP<\/a><\/strong>, <a href=\"https:\/\/cipac.net\/ressources\/outils-contrats\" target=\"_blank\" rel=\"noopener\"><strong>CIPAC<\/strong><\/a>, <a href=\"https:\/\/p-a-c.fr\/ressources\/filiere-arts-visuels\" target=\"_blank\" rel=\"noopener\"><strong>Provence Art Contemporain<\/strong><\/a>, <strong><a href=\"https:\/\/devenir.art\/referentiel\/?oaq%5Bpassed%5D=1&amp;oaq%5Border%5D=latest\" target=\"_blank\" rel=\"noopener\">Devenir.art<\/a>, <a href=\"https:\/\/fraap.org\/article208.html\" target=\"_blank\" rel=\"noopener\">FRAAP<\/a><\/strong>,\u00a0 <strong><a href=\"https:\/\/www.scam.fr\/vous-creez-des-oeuvres\/sachez-le\/les-modeles-de-contrats\/\" target=\"_blank\" rel=\"noopener\">SCAM<\/a><\/strong>, <strong><a href=\"http:\/\/www.economiesolidairedelart.net\/\" target=\"_blank\" rel=\"noopener\">Economie Solidaire de l&#8217;art<\/a><\/strong>, <strong><a href=\"http:\/\/charte-arts-visuels-grand-est.fr\/\" target=\"_blank\" rel=\"noopener\">Charte Grand Est<\/a><\/strong>, <strong><a href=\"https:\/\/www.usopav.org\/contrats-types.php\" target=\"_blank\" rel=\"noopener\">USOPAVE<\/a><\/strong>, <strong><a href=\"https:\/\/www.saif.fr\/boite-a-outils\/\" target=\"_blank\" rel=\"noopener\">SAIF<\/a><\/strong>, <strong><a href=\"https:\/\/www.artsenresidence.fr\/ressources\/outils-ressource\/\" target=\"_blank\" rel=\"noopener\">Arts en R\u00e9sidence,<\/a><\/strong> etc<\/p>\r\n<p>et la <strong><a href=\"https:\/\/www.assemblee-nationale.fr\/dyn\/15\/textes\/l15b4880_proposition-loi#\" target=\"_blank\" rel=\"noopener\">proposition de loi<\/a><\/strong> du 11 janvier 2022 relative \u00e0 la r\u00e9mun\u00e9ration des artistes en arts visuels.<\/p>\r\n<p>&nbsp;<\/p>\r\n[\/vc_column_text][vc_empty_space height=&#8221;20px&#8221;][\/vc_column_inner][\/vc_row_inner][vc_row_inner css=&#8221;.vc_custom_1639828933751{margin: 5% !important;}&#8221;][vc_column_inner width=&#8221;1\/4&#8243;][vc_single_image image=&#8221;245&#8243; alignment=&#8221;center&#8221; style=&#8221;vc_box_rounded&#8221; onclick=&#8221;custom_link&#8221; img_link_target=&#8221;_blank&#8221; img_hover=&#8221;grayscale-invert&#8221; link=&#8221;http:\/\/o-c-e.art\/wp-content\/uploads\/2022\/05\/cession-droits-auteur.pdf&#8221;][\/vc_column_inner][vc_column_inner width=&#8221;1\/4&#8243;][vc_single_image image=&#8221;246&#8243; alignment=&#8221;center&#8221; style=&#8221;vc_box_rounded&#8221; onclick=&#8221;custom_link&#8221; img_link_target=&#8221;_blank&#8221; img_hover=&#8221;grayscale-invert&#8221; link=&#8221;http:\/\/o-c-e.art\/wp-content\/uploads\/2022\/08\/modele-fact-03.pdf&#8221;][\/vc_column_inner][vc_column_inner width=&#8221;1\/4&#8243;][vc_single_image image=&#8221;247&#8243; alignment=&#8221;center&#8221; style=&#8221;vc_box_rounded&#8221; onclick=&#8221;custom_link&#8221; img_link_target=&#8221;_blank&#8221; img_hover=&#8221;grayscale-invert&#8221; link=&#8221;http:\/\/o-c-e.art\/wp-content\/uploads\/2021\/12\/fiche_de_depot.pdf&#8221;][\/vc_column_inner][vc_column_inner width=&#8221;1\/4&#8243;][vc_single_image image=&#8221;320&#8243; alignment=&#8221;center&#8221; style=&#8221;vc_box_rounded&#8221; onclick=&#8221;custom_link&#8221; img_link_target=&#8221;_blank&#8221; img_hover=&#8221;grayscale-invert&#8221; link=&#8221;http:\/\/o-c-e.art\/wp-content\/uploads\/2022\/08\/certificat-authenticite.pdf&#8221;][\/vc_column_inner][\/vc_row_inner][vc_separator color=&#8221;black&#8221;][\/vc_column][\/vc_row][vc_row css=&#8221;.vc_custom_1639850261904{background-color: #93f2df !important;}&#8221; visibility=&#8221;hidden&#8221;][vc_column][vc_row_inner css=&#8221;.vc_custom_1639846921303{margin-right: 8% !important;margin-left: 8% !important;}&#8221;][vc_column_inner][vc_empty_space height=&#8221;120px&#8221;]<div class=\"vcex-heading vcex-module wpex-text-2xl wpex-font-normal wpex-m-auto wpex-max-w-100 vcex-heading-plain wpex-block wpex-text-left wpex-responsive-txt\" data-max-font-size=\"44\" data-min-font-size=\"22\" style=\"color:#000000;font-family:&#039;Roboto&#039;,sans-serif;font-size:44px;font-weight:300;text-transform:none;line-height:1.3;\"><span class=\"vcex-heading-inner wpex-inline-block wpex-clr\">Op\u00e9rateurs Culturels Engag\u00e9s<\/span><\/div>[vc_empty_space height=&#8221;120px&#8221;][\/vc_column_inner][\/vc_row_inner][\/vc_column][\/vc_row]","protected":false},"excerpt":{"rendered":"<p>[vc_row][vc_column][vc_single_image image=&#8221;267&#8243;][\/vc_column][\/vc_row][vc_row content_placement=&#8221;top&#8221; column_spacing=&#8221;0px&#8221; remove_bottom_col_margin=&#8221;true&#8221; css=&#8221;.vc_custom_1639833644407{background-color: #93f2df !important;}&#8221;][vc_column parallax=&#8221;content-moving&#8221; wpex_featured_bg_image=&#8221;true&#8221;][vc_row_inner remove_bottom_col_margin=&#8221;true&#8221; css=&#8221;.vc_custom_1639829056972{margin-top: 2% !important;margin-right: 8% !important;margin-bottom: 2% !important;margin-left: 8% !important;}&#8221;][vc_column_inner][vc_empty_space height=&#8221;70px&#8221;][vc_empty_space height=&#8221;70px&#8221;][vc_column_text responsive_text=&#8221;true&#8221; text_align=&#8221;left&#8221; color=&#8221;#666666&#8243; font_size=&#8221;18&#8243; min_font_size=&#8221;12&#8243; font_weight=&#8221;300&#8243; text_transform=&#8221;none&#8221; line_height=&#8221;1.3&#8243;] Ce label permet de garantir le respect des droits des artistes et leur r\u00e9mun\u00e9ration notamment dans le cadre de la pr\u00e9sentation publique de leurs \u0153uvres.<\/p>\n","protected":false},"author":1,"featured_media":0,"parent":0,"menu_order":0,"comment_status":"closed","ping_status":"closed","template":"","meta":[],"_links":{"self":[{"href":"https:\/\/o-c-e.art\/index.php\/wp-json\/wp\/v2\/pages\/6"}],"collection":[{"href":"https:\/\/o-c-e.art\/index.php\/wp-json\/wp\/v2\/pages"}],"about":[{"href":"https:\/\/o-c-e.art\/index.php\/wp-json\/wp\/v2\/types\/page"}],"author":[{"embeddable":true,"href":"https:\/\/o-c-e.art\/index.php\/wp-json\/wp\/v2\/users\/1"}],"replies":[{"embeddable":true,"href":"https:\/\/o-c-e.art\/index.php\/wp-json\/wp\/v2\/comments?post=6"}],"version-history":[{"count":191,"href":"https:\/\/o-c-e.art\/index.php\/wp-json\/wp\/v2\/pages\/6\/revisions"}],"predecessor-version":[{"id":324,"href":"https:\/\/o-c-e.art\/index.php\/wp-json\/wp\/v2\/pages\/6\/revisions\/324"}],"wp:attachment":[{"href":"https:\/\/o-c-e.art\/index.php\/wp-json\/wp\/v2\/media?parent=6"}],"curies":[{"name":"wp","href":"https:\/\/api.w.org\/{rel}","templated":true}]}}